{"id":75,"date":"2019-06-18T18:45:03","date_gmt":"2019-06-18T18:45:03","guid":{"rendered":"http:\/\/ativa1.com.br\/novo\/?page_id=75"},"modified":"2022-09-21T20:24:10","modified_gmt":"2022-09-21T20:24:10","slug":"quem-somos","status":"publish","type":"page","link":"https:\/\/ativa1.com.br\/?page_id=75","title":{"rendered":"Quem Somos"},"content":{"rendered":"<p>Precisando da ajuda de especialistas?<br \/>\nSeja bem-vindo(a)!<\/p>\n<p>Presente no mercado desde 1992, a Ativa iniciou suas atividades como fornecedora de produtos de inform\u00e1tica em geral, como servidores, unidades de back-up, impressoras, roteadores entre outros.<\/p>\n<p>A partir de 2006 direcionou seu foco de neg\u00f3cios para o segmento de redes passando a comercializar e locar os equipamentos de\u00a0internet semi-novos e usados das empresas\u00a0<i>Cisco Systems, Juniper, Dell, HP<\/i>, entre outras.<\/p>\n<p><img fetchpriority=\"high\" decoding=\"async\" src=\"http:\/\/ativa1.com.br\/wp-content\/uploads\/2019\/08\/img02.jpg\" sizes=\"(max-width: 2896px) 100vw, 2896px\" srcset=\"http:\/\/ativa1.com.br\/wp-content\/uploads\/2019\/08\/img02.jpg 2896w, http:\/\/ativa1.com.br\/wp-content\/uploads\/2019\/08\/img02-300x201.jpg 300w, http:\/\/ativa1.com.br\/wp-content\/uploads\/2019\/08\/img02-768x516.jpg 768w, http:\/\/ativa1.com.br\/wp-content\/uploads\/2019\/08\/img02-1024x687.jpg 1024w\" alt=\"\" width=\"2896\" height=\"1944\" \/><\/p>\n<p>Desde ent\u00e3o, a empresa se especializou nesses produtos. realizando a venda, a loca\u00e7\u00e3o e tamb\u00e9m efetuando reparos em roteadores e switches.<\/p>\n<p>Hoje a Ativa1 destaca-se como uma das maiores empresas do mercado na comercializa\u00e7\u00e3o de equipamentos semi novos e usados.<\/p>\n<p>A empresa conta com dep\u00f3sito, escrit\u00f3rio e estoque pr\u00f3prio de roteadores, switches e telefones ip para pronta entrega. Tudo isso com localiza\u00e7\u00e3o estrat\u00e9gica em S\u00e3o Paulo\/Capital, agilizando a entrega de equipamentos.<\/p>\n<p>Todos os produtos comercializados pela Ativa1 s\u00e3o pr\u00e9-testados e fornecidos com garantia de funcionamento e proced\u00eancia, sempre pensando em sua tranquilidade.<\/p>\n<p>A Ativa1 sempre busca a efici\u00eancia, firmando parcerias s\u00f3lidas com diversas empresas do ramo de TI, fornecendo um atendimento e retorno em SLA\u00a0 de alta efici\u00eancia e rapidez.<\/p>\n<p><strong>Miss\u00e3o<\/strong><\/p>\n<p>Oferecer a melhor experi\u00eancia na solu\u00e7\u00e3o de quest\u00f5es que envolvam produtos e servi\u00e7os em TI, sendo o elo entre os melhores fabricantes e a implementa\u00e7\u00e3o de solu\u00e7\u00f5es.<\/p>\n<p><strong>Vis\u00e3o<\/strong><\/p>\n<p>Sermos refer\u00eancia em solu\u00e7\u00f5es de infraestrutura de TI em S\u00e3o Paulo, oferecendo solu\u00e7\u00f5es inovadoras, integradas e abrangentes e com isso, efetivar o desenvolvimento para os neg\u00f3cios de nossos clientes.<\/p>\n<p><strong>Valores<\/strong><\/p>\n<ul>\n<li>\u00c9tica |\u00a0Transpar\u00eancia |\u00a0Efetividade |\u00a0Comprometimento<\/li>\n<\/ul>\n<p><strong>Neg\u00f3cio<\/strong><\/p>\n<p>Redes de dados, \u00e1udio e v\u00eddeo.<\/p>\n<p><a role=\"button\" href=\"https:\/\/api.whatsapp.com\/send?phone=5511963143883&amp;text=Ol%C3%A1.%20Estou%20no%20site%20da%20Ativa1%20e%20desejo%20informa%C3%A7%C3%B5es!\"><br \/>\nSolicite um Representante!<br \/>\n<\/a><\/p>\n","protected":false},"excerpt":{"rendered":"<p>Precisando da ajuda de especialistas? Seja bem-vindo(a)! Presente no mercado desde 1992, a Ativa iniciou suas atividades como fornecedora de produtos de inform\u00e1tica em geral, como servidores, unidades de back-up, impressoras, roteadores entre outros. A partir de 2006 direcionou seu foco de neg\u00f3cios para o segmento de redes passando a comercializar e locar os equipamentos [&hellip;]<\/p>\n","protected":false},"author":1,"featured_media":0,"parent":0,"menu_order":0,"comment_status":"closed","ping_status":"closed","template":"elementor_header_footer","meta":{"footnotes":""},"class_list":["post-75","page","type-page","status-publish","hentry"],"_links":{"self":[{"href":"https:\/\/ativa1.com.br\/index.php?rest_route=\/wp\/v2\/pages\/75","targetHints":{"allow":["GET"]}}],"collection":[{"href":"https:\/\/ativa1.com.br\/index.php?rest_route=\/wp\/v2\/pages"}],"about":[{"href":"https:\/\/ativa1.com.br\/index.php?rest_route=\/wp\/v2\/types\/page"}],"author":[{"embeddable":true,"href":"https:\/\/ativa1.com.br\/index.php?rest_route=\/wp\/v2\/users\/1"}],"replies":[{"embeddable":true,"href":"https:\/\/ativa1.com.br\/index.php?rest_route=%2Fwp%2Fv2%2Fcomments&post=75"}],"version-history":[{"count":26,"href":"https:\/\/ativa1.com.br\/index.php?rest_route=\/wp\/v2\/pages\/75\/revisions"}],"predecessor-version":[{"id":346,"href":"https:\/\/ativa1.com.br\/index.php?rest_route=\/wp\/v2\/pages\/75\/revisions\/346"}],"wp:attachment":[{"href":"https:\/\/ativa1.com.br\/index.php?rest_route=%2Fwp%2Fv2%2Fmedia&parent=75"}],"curies":[{"name":"wp","href":"https:\/\/api.w.org\/{rel}","templated":true}]}}