{"id":7,"date":"2019-06-18T14:24:42","date_gmt":"2019-06-18T14:24:42","guid":{"rendered":"http:\/\/ativa1.com.br\/novo\/?page_id=7"},"modified":"2023-02-13T17:58:37","modified_gmt":"2023-02-13T17:58:37","slug":"contact","status":"publish","type":"page","link":"https:\/\/ativa1.com.br\/?page_id=7","title":{"rendered":"Contato"},"content":{"rendered":"<h3>Estamos aqui para ajudar!<\/h3>\n<p>Estamos localizados pr\u00f3ximo a esta\u00e7\u00e3o S\u00e3o Judas do Metr\u00f4 (Linha 01 &#8211; Azul):<\/p>\n<p>Rua Fagundes Filho, 486,\u00a0 CJ 51\/52 &#8211; Vila Monte Alegre.<\/p>\n<p>Ligue <strong>55 11 5585-7772,<\/strong> de segunda a sexta, das 09h as 17h30.<\/p>\n<p>Voc\u00ea tamb\u00e9m pode entrar em contato pelo WhatsApp. Clique no bot\u00e3o a seguir:<\/p>\n<p><a role=\"button\" href=\"https:\/\/api.whatsapp.com\/send?phone=5511963143883&amp;text=Ol%C3%A1.%20Estou%20no%20site%20da%20Ativa1%20e%20desejo%20informa%C3%A7%C3%B5es!\"><br \/>\nContato Via WhatsApp<br \/>\n<\/a><br \/>\n<iframe title=\"%3$s\" src=\"https:\/\/maps.google.com\/maps?q=Av.%20Fagundes%20Filho%2C%20486&amp;t=m&amp;z=16&amp;output=embed&amp;iwloc=near\" frameborder=\"0\" marginwidth=\"0\" marginheight=\"0\" scrolling=\"no\" aria-label=\"%3$s\"><\/iframe><\/p>\n<p>Ou, se preferir, preencha o formul\u00e1rio a seguir:<\/p>\n","protected":false},"excerpt":{"rendered":"<p>Estamos aqui para ajudar! Estamos localizados pr\u00f3ximo a esta\u00e7\u00e3o S\u00e3o Judas do Metr\u00f4 (Linha 01 &#8211; Azul): Rua Fagundes Filho, 486,\u00a0 CJ 51\/52 &#8211; Vila Monte Alegre. Ligue 55 11 5585-7772, de segunda a sexta, das 09h as 17h30. Voc\u00ea tamb\u00e9m pode entrar em contato pelo WhatsApp. Clique no bot\u00e3o a seguir: Contato Via WhatsApp [&hellip;]<\/p>\n","protected":false},"author":1,"featured_media":0,"parent":0,"menu_order":0,"comment_status":"closed","ping_status":"closed","template":"elementor_header_footer","meta":{"footnotes":""},"class_list":["post-7","page","type-page","status-publish","hentry"],"_links":{"self":[{"href":"https:\/\/ativa1.com.br\/index.php?rest_route=\/wp\/v2\/pages\/7","targetHints":{"allow":["GET"]}}],"collection":[{"href":"https:\/\/ativa1.com.br\/index.php?rest_route=\/wp\/v2\/pages"}],"about":[{"href":"https:\/\/ativa1.com.br\/index.php?rest_route=\/wp\/v2\/types\/page"}],"author":[{"embeddable":true,"href":"https:\/\/ativa1.com.br\/index.php?rest_route=\/wp\/v2\/users\/1"}],"replies":[{"embeddable":true,"href":"https:\/\/ativa1.com.br\/index.php?rest_route=%2Fwp%2Fv2%2Fcomments&post=7"}],"version-history":[{"count":32,"href":"https:\/\/ativa1.com.br\/index.php?rest_route=\/wp\/v2\/pages\/7\/revisions"}],"predecessor-version":[{"id":354,"href":"https:\/\/ativa1.com.br\/index.php?rest_route=\/wp\/v2\/pages\/7\/revisions\/354"}],"wp:attachment":[{"href":"https:\/\/ativa1.com.br\/index.php?rest_route=%2Fwp%2Fv2%2Fmedia&parent=7"}],"curies":[{"name":"wp","href":"https:\/\/api.w.org\/{rel}","templated":true}]}}