{"id":208,"date":"2019-08-19T14:34:11","date_gmt":"2019-08-19T14:34:11","guid":{"rendered":"http:\/\/ativa1.com.br\/novo\/?page_id=208"},"modified":"2022-09-21T20:25:09","modified_gmt":"2022-09-21T20:25:09","slug":"equipamentos","status":"publish","type":"page","link":"https:\/\/ativa1.com.br\/?page_id=208","title":{"rendered":"Equipamentos"},"content":{"rendered":"\t\t<div data-elementor-type=\"wp-post\" data-elementor-id=\"208\" class=\"elementor elementor-208\">\n\t\t\t\t\t\t<section class=\"elementor-section elementor-top-section elementor-element elementor-element-e0a0968 elementor-section-full_width elementor-section-content-middle elementor-section-stretched elementor-section-height-default elementor-section-height-default\" data-id=\"e0a0968\" data-element_type=\"section\" data-settings=\"{&quot;background_background&quot;:&quot;classic&quot;,&quot;stretch_section&quot;:&quot;section-stretched&quot;}\">\n\t\t\t\t\t\t\t<div class=\"elementor-background-overlay\"><\/div>\n\t\t\t\t\t\t\t<div class=\"elementor-container elementor-column-gap-default\">\n\t\t\t\t\t<div class=\"elementor-column elementor-col-100 elementor-top-column elementor-element elementor-element-e036161\" data-id=\"e036161\" data-element_type=\"column\">\n\t\t\t<div class=\"elementor-widget-wrap elementor-element-populated\">\n\t\t\t\t\t\t\t<\/div>\n\t\t<\/div>\n\t\t\t\t\t<\/div>\n\t\t<\/section>\n\t\t\t\t<section class=\"elementor-section elementor-top-section elementor-element elementor-element-e0d06df elementor-section-stretched elementor-section-full_width elementor-section-height-default elementor-section-height-default\" data-id=\"e0d06df\" data-element_type=\"section\" data-settings=\"{&quot;stretch_section&quot;:&quot;section-stretched&quot;}\">\n\t\t\t\t\t\t<div class=\"elementor-container elementor-column-gap-default\">\n\t\t\t\t\t<div class=\"elementor-column elementor-col-100 elementor-top-column elementor-element elementor-element-450a8a71\" data-id=\"450a8a71\" data-element_type=\"column\">\n\t\t\t<div class=\"elementor-widget-wrap elementor-element-populated\">\n\t\t\t\t\t\t<div class=\"elementor-element elementor-element-75aa0981 elementor-widget elementor-widget-text-editor\" data-id=\"75aa0981\" data-element_type=\"widget\" data-widget_type=\"text-editor.default\">\n\t\t\t\t<div class=\"elementor-widget-container\">\n\t\t\t\t\t\t\t\t\t<p>A Ativa1 conta com estrutura pr\u00f3pria em S\u00e3o Paulo, o que inclui pessoal, log\u00edstica e estoque.<\/p><p>Esse diferencial possibilita proatividade na instala\u00e7\u00e3o e na manuten\u00e7\u00e3o da opera\u00e7\u00e3o das redes, otimizando o atendimento para opera\u00e7\u00e3o e gerenciamento.<\/p><p>Interessante destacar o estoque pr\u00f3prio de Roteadores, Switches, Telefones IP, Gbics e Access Points, para pronta instala\u00e7\u00e3o.<\/p><p>Cabe lembrar a prefer\u00eancia pelo fabricante Cisco, o que nos diferencia na implanta\u00e7\u00e3o e gerenciamento das solu\u00e7\u00f5es exigidas pelos nossos clientes.<\/p><p>Atualmente, at\u00e9 por quest\u00e3o de custo de aquisi\u00e7\u00e3o e armazenamento, pouquissimas empresas trabalham com estoque pr\u00f3prio, o que nos d\u00e1 um diferencial em poder atender ao nosso cliente prontamente.<\/p><p>Outro ponto a ressaltar \u00e9 ter profissionais gabaritados e Certificados Cisco para realizar a instala\u00e7\u00e3o e configura\u00e7\u00e3o dos equipamentos.<\/p>\t\t\t\t\t\t\t\t<\/div>\n\t\t\t\t<\/div>\n\t\t\t\t\t<\/div>\n\t\t<\/div>\n\t\t\t\t\t<\/div>\n\t\t<\/section>\n\t\t\t\t<section class=\"elementor-section elementor-top-section elementor-element elementor-element-9822d95 elementor-section-content-middle elementor-section-boxed elementor-section-height-default elementor-section-height-default\" data-id=\"9822d95\" data-element_type=\"section\">\n\t\t\t\t\t\t<div class=\"elementor-container elementor-column-gap-no\">\n\t\t\t\t\t<div class=\"elementor-column elementor-col-100 elementor-top-column elementor-element elementor-element-33166756\" data-id=\"33166756\" data-element_type=\"column\">\n\t\t\t<div class=\"elementor-widget-wrap elementor-element-populated\">\n\t\t\t\t\t\t<div class=\"elementor-element elementor-element-f2d0c36 elementor-align-center elementor-widget elementor-widget-button\" data-id=\"f2d0c36\" data-element_type=\"widget\" data-widget_type=\"button.default\">\n\t\t\t\t<div class=\"elementor-widget-container\">\n\t\t\t\t\t\t\t\t\t<div class=\"elementor-button-wrapper\">\n\t\t\t\t\t<a class=\"elementor-button elementor-button-link elementor-size-lg\" href=\"https:\/\/api.whatsapp.com\/send?phone=5511963143883&#038;text=Ol%C3%A1.%20Estou%20no%20site%20da%20Ativa1%20e%20desejo%20informa%C3%A7%C3%B5es!\">\n\t\t\t\t\t\t<span class=\"elementor-button-content-wrapper\">\n\t\t\t\t\t\t<span class=\"elementor-button-icon\">\n\t\t\t\t<i aria-hidden=\"true\" class=\"fab fa-whatsapp\"><\/i>\t\t\t<\/span>\n\t\t\t\t\t\t\t\t\t<span class=\"elementor-button-text\">Entre em contato clicando aqui!<\/span>\n\t\t\t\t\t<\/span>\n\t\t\t\t\t<\/a>\n\t\t\t\t<\/div>\n\t\t\t\t\t\t\t\t<\/div>\n\t\t\t\t<\/div>\n\t\t\t\t<div class=\"elementor-element elementor-element-1c08dfbd gallery-spacing-custom elementor-widget elementor-widget-image-gallery\" data-id=\"1c08dfbd\" data-element_type=\"widget\" data-widget_type=\"image-gallery.default\">\n\t\t\t\t<div class=\"elementor-widget-container\">\n\t\t\t\t\t\t\t<div class=\"elementor-image-gallery\">\n\t\t\t<div id='gallery-1' class='gallery galleryid-208 gallery-columns-3 gallery-size-full'><figure class='gallery-item'>\n\t\t\t<div class='gallery-icon landscape'>\n\t\t\t\t<a data-elementor-open-lightbox=\"yes\" data-elementor-lightbox-slideshow=\"1c08dfbd\" data-elementor-lightbox-title=\"img01\" data-e-action-hash=\"#elementor-action%3Aaction%3Dlightbox%26settings%3DeyJpZCI6MjQxLCJ1cmwiOiJodHRwczpcL1wvYXRpdmExLmNvbS5iclwvd3AtY29udGVudFwvdXBsb2Fkc1wvMjAxOVwvMDhcL2ltZzAxLmpwZyIsInNsaWRlc2hvdyI6IjFjMDhkZmJkIn0%3D\" href='https:\/\/ativa1.com.br\/wp-content\/uploads\/2019\/08\/img01.jpg'><img fetchpriority=\"high\" decoding=\"async\" width=\"2896\" height=\"1944\" src=\"https:\/\/ativa1.com.br\/wp-content\/uploads\/2019\/08\/img01.jpg\" class=\"attachment-full size-full\" alt=\"\" srcset=\"https:\/\/ativa1.com.br\/wp-content\/uploads\/2019\/08\/img01.jpg 2896w, https:\/\/ativa1.com.br\/wp-content\/uploads\/2019\/08\/img01-300x201.jpg 300w, https:\/\/ativa1.com.br\/wp-content\/uploads\/2019\/08\/img01-768x516.jpg 768w, https:\/\/ativa1.com.br\/wp-content\/uploads\/2019\/08\/img01-1024x687.jpg 1024w\" sizes=\"(max-width: 2896px) 100vw, 2896px\" \/><\/a>\n\t\t\t<\/div><\/figure><figure class='gallery-item'>\n\t\t\t<div class='gallery-icon landscape'>\n\t\t\t\t<a data-elementor-open-lightbox=\"yes\" data-elementor-lightbox-slideshow=\"1c08dfbd\" data-elementor-lightbox-title=\"img02\" data-e-action-hash=\"#elementor-action%3Aaction%3Dlightbox%26settings%3DeyJpZCI6MjQyLCJ1cmwiOiJodHRwczpcL1wvYXRpdmExLmNvbS5iclwvd3AtY29udGVudFwvdXBsb2Fkc1wvMjAxOVwvMDhcL2ltZzAyLTEuanBnIiwic2xpZGVzaG93IjoiMWMwOGRmYmQifQ%3D%3D\" href='https:\/\/ativa1.com.br\/wp-content\/uploads\/2019\/08\/img02-1.jpg'><img decoding=\"async\" width=\"2896\" height=\"1944\" src=\"https:\/\/ativa1.com.br\/wp-content\/uploads\/2019\/08\/img02-1.jpg\" class=\"attachment-full size-full\" alt=\"\" srcset=\"https:\/\/ativa1.com.br\/wp-content\/uploads\/2019\/08\/img02-1.jpg 2896w, https:\/\/ativa1.com.br\/wp-content\/uploads\/2019\/08\/img02-1-300x201.jpg 300w, https:\/\/ativa1.com.br\/wp-content\/uploads\/2019\/08\/img02-1-768x516.jpg 768w, https:\/\/ativa1.com.br\/wp-content\/uploads\/2019\/08\/img02-1-1024x687.jpg 1024w\" sizes=\"(max-width: 2896px) 100vw, 2896px\" \/><\/a>\n\t\t\t<\/div><\/figure><figure class='gallery-item'>\n\t\t\t<div class='gallery-icon landscape'>\n\t\t\t\t<a data-elementor-open-lightbox=\"yes\" data-elementor-lightbox-slideshow=\"1c08dfbd\" data-elementor-lightbox-title=\"img03\" data-e-action-hash=\"#elementor-action%3Aaction%3Dlightbox%26settings%3DeyJpZCI6MjQzLCJ1cmwiOiJodHRwczpcL1wvYXRpdmExLmNvbS5iclwvd3AtY29udGVudFwvdXBsb2Fkc1wvMjAxOVwvMDhcL2ltZzAzLmpwZyIsInNsaWRlc2hvdyI6IjFjMDhkZmJkIn0%3D\" href='https:\/\/ativa1.com.br\/wp-content\/uploads\/2019\/08\/img03.jpg'><img decoding=\"async\" width=\"2896\" height=\"1944\" src=\"https:\/\/ativa1.com.br\/wp-content\/uploads\/2019\/08\/img03.jpg\" class=\"attachment-full size-full\" alt=\"\" srcset=\"https:\/\/ativa1.com.br\/wp-content\/uploads\/2019\/08\/img03.jpg 2896w, https:\/\/ativa1.com.br\/wp-content\/uploads\/2019\/08\/img03-300x201.jpg 300w, https:\/\/ativa1.com.br\/wp-content\/uploads\/2019\/08\/img03-768x516.jpg 768w, https:\/\/ativa1.com.br\/wp-content\/uploads\/2019\/08\/img03-1024x687.jpg 1024w\" sizes=\"(max-width: 2896px) 100vw, 2896px\" \/><\/a>\n\t\t\t<\/div><\/figure><figure class='gallery-item'>\n\t\t\t<div class='gallery-icon landscape'>\n\t\t\t\t<a data-elementor-open-lightbox=\"yes\" data-elementor-lightbox-slideshow=\"1c08dfbd\" data-elementor-lightbox-title=\"img05\" data-e-action-hash=\"#elementor-action%3Aaction%3Dlightbox%26settings%3DeyJpZCI6MjQ1LCJ1cmwiOiJodHRwczpcL1wvYXRpdmExLmNvbS5iclwvd3AtY29udGVudFwvdXBsb2Fkc1wvMjAxOVwvMDhcL2ltZzA1LmpwZyIsInNsaWRlc2hvdyI6IjFjMDhkZmJkIn0%3D\" href='https:\/\/ativa1.com.br\/wp-content\/uploads\/2019\/08\/img05.jpg'><img loading=\"lazy\" decoding=\"async\" width=\"2896\" height=\"1944\" src=\"https:\/\/ativa1.com.br\/wp-content\/uploads\/2019\/08\/img05.jpg\" class=\"attachment-full size-full\" alt=\"\" srcset=\"https:\/\/ativa1.com.br\/wp-content\/uploads\/2019\/08\/img05.jpg 2896w, https:\/\/ativa1.com.br\/wp-content\/uploads\/2019\/08\/img05-300x201.jpg 300w, https:\/\/ativa1.com.br\/wp-content\/uploads\/2019\/08\/img05-768x516.jpg 768w, https:\/\/ativa1.com.br\/wp-content\/uploads\/2019\/08\/img05-1024x687.jpg 1024w\" sizes=\"(max-width: 2896px) 100vw, 2896px\" \/><\/a>\n\t\t\t<\/div><\/figure><figure class='gallery-item'>\n\t\t\t<div class='gallery-icon landscape'>\n\t\t\t\t<a data-elementor-open-lightbox=\"yes\" data-elementor-lightbox-slideshow=\"1c08dfbd\" data-elementor-lightbox-title=\"img07\" data-e-action-hash=\"#elementor-action%3Aaction%3Dlightbox%26settings%3DeyJpZCI6MjQ3LCJ1cmwiOiJodHRwczpcL1wvYXRpdmExLmNvbS5iclwvd3AtY29udGVudFwvdXBsb2Fkc1wvMjAxOVwvMDhcL2ltZzA3LmpwZyIsInNsaWRlc2hvdyI6IjFjMDhkZmJkIn0%3D\" href='https:\/\/ativa1.com.br\/wp-content\/uploads\/2019\/08\/img07.jpg'><img loading=\"lazy\" decoding=\"async\" width=\"2896\" height=\"1944\" src=\"https:\/\/ativa1.com.br\/wp-content\/uploads\/2019\/08\/img07.jpg\" class=\"attachment-full size-full\" alt=\"\" srcset=\"https:\/\/ativa1.com.br\/wp-content\/uploads\/2019\/08\/img07.jpg 2896w, https:\/\/ativa1.com.br\/wp-content\/uploads\/2019\/08\/img07-300x201.jpg 300w, https:\/\/ativa1.com.br\/wp-content\/uploads\/2019\/08\/img07-768x516.jpg 768w, https:\/\/ativa1.com.br\/wp-content\/uploads\/2019\/08\/img07-1024x687.jpg 1024w\" sizes=\"(max-width: 2896px) 100vw, 2896px\" \/><\/a>\n\t\t\t<\/div><\/figure><figure class='gallery-item'>\n\t\t\t<div class='gallery-icon landscape'>\n\t\t\t\t<a data-elementor-open-lightbox=\"yes\" data-elementor-lightbox-slideshow=\"1c08dfbd\" data-elementor-lightbox-title=\"img08\" data-e-action-hash=\"#elementor-action%3Aaction%3Dlightbox%26settings%3DeyJpZCI6MjQ4LCJ1cmwiOiJodHRwczpcL1wvYXRpdmExLmNvbS5iclwvd3AtY29udGVudFwvdXBsb2Fkc1wvMjAxOVwvMDhcL2ltZzA4LmpwZyIsInNsaWRlc2hvdyI6IjFjMDhkZmJkIn0%3D\" href='https:\/\/ativa1.com.br\/wp-content\/uploads\/2019\/08\/img08.jpg'><img loading=\"lazy\" decoding=\"async\" width=\"2896\" height=\"1944\" src=\"https:\/\/ativa1.com.br\/wp-content\/uploads\/2019\/08\/img08.jpg\" class=\"attachment-full size-full\" alt=\"\" srcset=\"https:\/\/ativa1.com.br\/wp-content\/uploads\/2019\/08\/img08.jpg 2896w, https:\/\/ativa1.com.br\/wp-content\/uploads\/2019\/08\/img08-300x201.jpg 300w, https:\/\/ativa1.com.br\/wp-content\/uploads\/2019\/08\/img08-768x516.jpg 768w, https:\/\/ativa1.com.br\/wp-content\/uploads\/2019\/08\/img08-1024x687.jpg 1024w\" sizes=\"(max-width: 2896px) 100vw, 2896px\" \/><\/a>\n\t\t\t<\/div><\/figure><figure class='gallery-item'>\n\t\t\t<div class='gallery-icon landscape'>\n\t\t\t\t<a data-elementor-open-lightbox=\"yes\" data-elementor-lightbox-slideshow=\"1c08dfbd\" data-elementor-lightbox-title=\"img09\" data-e-action-hash=\"#elementor-action%3Aaction%3Dlightbox%26settings%3DeyJpZCI6MjQ5LCJ1cmwiOiJodHRwczpcL1wvYXRpdmExLmNvbS5iclwvd3AtY29udGVudFwvdXBsb2Fkc1wvMjAxOVwvMDhcL2ltZzA5LTEuanBnIiwic2xpZGVzaG93IjoiMWMwOGRmYmQifQ%3D%3D\" href='https:\/\/ativa1.com.br\/wp-content\/uploads\/2019\/08\/img09-1.jpg'><img loading=\"lazy\" decoding=\"async\" width=\"2896\" height=\"1944\" src=\"https:\/\/ativa1.com.br\/wp-content\/uploads\/2019\/08\/img09-1.jpg\" class=\"attachment-full size-full\" alt=\"\" srcset=\"https:\/\/ativa1.com.br\/wp-content\/uploads\/2019\/08\/img09-1.jpg 2896w, https:\/\/ativa1.com.br\/wp-content\/uploads\/2019\/08\/img09-1-300x201.jpg 300w, https:\/\/ativa1.com.br\/wp-content\/uploads\/2019\/08\/img09-1-768x516.jpg 768w, https:\/\/ativa1.com.br\/wp-content\/uploads\/2019\/08\/img09-1-1024x687.jpg 1024w\" sizes=\"(max-width: 2896px) 100vw, 2896px\" \/><\/a>\n\t\t\t<\/div><\/figure><figure class='gallery-item'>\n\t\t\t<div class='gallery-icon landscape'>\n\t\t\t\t<a data-elementor-open-lightbox=\"yes\" data-elementor-lightbox-slideshow=\"1c08dfbd\" data-elementor-lightbox-title=\"img10\" data-e-action-hash=\"#elementor-action%3Aaction%3Dlightbox%26settings%3DeyJpZCI6MjUwLCJ1cmwiOiJodHRwczpcL1wvYXRpdmExLmNvbS5iclwvd3AtY29udGVudFwvdXBsb2Fkc1wvMjAxOVwvMDhcL2ltZzEwLTEuanBnIiwic2xpZGVzaG93IjoiMWMwOGRmYmQifQ%3D%3D\" href='https:\/\/ativa1.com.br\/wp-content\/uploads\/2019\/08\/img10-1.jpg'><img loading=\"lazy\" decoding=\"async\" width=\"2896\" height=\"1944\" src=\"https:\/\/ativa1.com.br\/wp-content\/uploads\/2019\/08\/img10-1.jpg\" class=\"attachment-full size-full\" alt=\"\" srcset=\"https:\/\/ativa1.com.br\/wp-content\/uploads\/2019\/08\/img10-1.jpg 2896w, https:\/\/ativa1.com.br\/wp-content\/uploads\/2019\/08\/img10-1-300x201.jpg 300w, https:\/\/ativa1.com.br\/wp-content\/uploads\/2019\/08\/img10-1-768x516.jpg 768w, https:\/\/ativa1.com.br\/wp-content\/uploads\/2019\/08\/img10-1-1024x687.jpg 1024w\" sizes=\"(max-width: 2896px) 100vw, 2896px\" \/><\/a>\n\t\t\t<\/div><\/figure><figure class='gallery-item'>\n\t\t\t<div class='gallery-icon landscape'>\n\t\t\t\t<a data-elementor-open-lightbox=\"yes\" data-elementor-lightbox-slideshow=\"1c08dfbd\" data-elementor-lightbox-title=\"img11\" data-e-action-hash=\"#elementor-action%3Aaction%3Dlightbox%26settings%3DeyJpZCI6MjUxLCJ1cmwiOiJodHRwczpcL1wvYXRpdmExLmNvbS5iclwvd3AtY29udGVudFwvdXBsb2Fkc1wvMjAxOVwvMDhcL2ltZzExLmpwZyIsInNsaWRlc2hvdyI6IjFjMDhkZmJkIn0%3D\" href='https:\/\/ativa1.com.br\/wp-content\/uploads\/2019\/08\/img11.jpg'><img loading=\"lazy\" decoding=\"async\" width=\"2896\" height=\"1944\" src=\"https:\/\/ativa1.com.br\/wp-content\/uploads\/2019\/08\/img11.jpg\" class=\"attachment-full size-full\" alt=\"\" srcset=\"https:\/\/ativa1.com.br\/wp-content\/uploads\/2019\/08\/img11.jpg 2896w, https:\/\/ativa1.com.br\/wp-content\/uploads\/2019\/08\/img11-300x201.jpg 300w, https:\/\/ativa1.com.br\/wp-content\/uploads\/2019\/08\/img11-768x516.jpg 768w, https:\/\/ativa1.com.br\/wp-content\/uploads\/2019\/08\/img11-1024x687.jpg 1024w\" sizes=\"(max-width: 2896px) 100vw, 2896px\" \/><\/a>\n\t\t\t<\/div><\/figure><figure class='gallery-item'>\n\t\t\t<div class='gallery-icon landscape'>\n\t\t\t\t<a data-elementor-open-lightbox=\"yes\" data-elementor-lightbox-slideshow=\"1c08dfbd\" data-elementor-lightbox-title=\"img12\" data-e-action-hash=\"#elementor-action%3Aaction%3Dlightbox%26settings%3DeyJpZCI6MjUyLCJ1cmwiOiJodHRwczpcL1wvYXRpdmExLmNvbS5iclwvd3AtY29udGVudFwvdXBsb2Fkc1wvMjAxOVwvMDhcL2ltZzEyLmpwZyIsInNsaWRlc2hvdyI6IjFjMDhkZmJkIn0%3D\" href='https:\/\/ativa1.com.br\/wp-content\/uploads\/2019\/08\/img12.jpg'><img loading=\"lazy\" decoding=\"async\" width=\"2896\" height=\"1944\" src=\"https:\/\/ativa1.com.br\/wp-content\/uploads\/2019\/08\/img12.jpg\" class=\"attachment-full size-full\" alt=\"\" srcset=\"https:\/\/ativa1.com.br\/wp-content\/uploads\/2019\/08\/img12.jpg 2896w, https:\/\/ativa1.com.br\/wp-content\/uploads\/2019\/08\/img12-300x201.jpg 300w, https:\/\/ativa1.com.br\/wp-content\/uploads\/2019\/08\/img12-768x516.jpg 768w, https:\/\/ativa1.com.br\/wp-content\/uploads\/2019\/08\/img12-1024x687.jpg 1024w\" sizes=\"(max-width: 2896px) 100vw, 2896px\" \/><\/a>\n\t\t\t<\/div><\/figure><figure class='gallery-item'>\n\t\t\t<div class='gallery-icon landscape'>\n\t\t\t\t<a data-elementor-open-lightbox=\"yes\" data-elementor-lightbox-slideshow=\"1c08dfbd\" data-elementor-lightbox-title=\"img16\" data-e-action-hash=\"#elementor-action%3Aaction%3Dlightbox%26settings%3DeyJpZCI6MjU2LCJ1cmwiOiJodHRwczpcL1wvYXRpdmExLmNvbS5iclwvd3AtY29udGVudFwvdXBsb2Fkc1wvMjAxOVwvMDhcL2ltZzE2LmpwZyIsInNsaWRlc2hvdyI6IjFjMDhkZmJkIn0%3D\" href='https:\/\/ativa1.com.br\/wp-content\/uploads\/2019\/08\/img16.jpg'><img loading=\"lazy\" decoding=\"async\" width=\"2896\" height=\"1944\" src=\"https:\/\/ativa1.com.br\/wp-content\/uploads\/2019\/08\/img16.jpg\" class=\"attachment-full size-full\" alt=\"\" srcset=\"https:\/\/ativa1.com.br\/wp-content\/uploads\/2019\/08\/img16.jpg 2896w, https:\/\/ativa1.com.br\/wp-content\/uploads\/2019\/08\/img16-300x201.jpg 300w, https:\/\/ativa1.com.br\/wp-content\/uploads\/2019\/08\/img16-768x516.jpg 768w, https:\/\/ativa1.com.br\/wp-content\/uploads\/2019\/08\/img16-1024x687.jpg 1024w\" sizes=\"(max-width: 2896px) 100vw, 2896px\" \/><\/a>\n\t\t\t<\/div><\/figure><figure class='gallery-item'>\n\t\t\t<div class='gallery-icon landscape'>\n\t\t\t\t<a data-elementor-open-lightbox=\"yes\" data-elementor-lightbox-slideshow=\"1c08dfbd\" data-elementor-lightbox-title=\"img18\" data-e-action-hash=\"#elementor-action%3Aaction%3Dlightbox%26settings%3DeyJpZCI6MjU4LCJ1cmwiOiJodHRwczpcL1wvYXRpdmExLmNvbS5iclwvd3AtY29udGVudFwvdXBsb2Fkc1wvMjAxOVwvMDhcL2ltZzE4LTEuanBnIiwic2xpZGVzaG93IjoiMWMwOGRmYmQifQ%3D%3D\" href='https:\/\/ativa1.com.br\/wp-content\/uploads\/2019\/08\/img18-1.jpg'><img loading=\"lazy\" decoding=\"async\" width=\"2896\" height=\"1944\" src=\"https:\/\/ativa1.com.br\/wp-content\/uploads\/2019\/08\/img18-1.jpg\" class=\"attachment-full size-full\" alt=\"\" srcset=\"https:\/\/ativa1.com.br\/wp-content\/uploads\/2019\/08\/img18-1.jpg 2896w, https:\/\/ativa1.com.br\/wp-content\/uploads\/2019\/08\/img18-1-300x201.jpg 300w, https:\/\/ativa1.com.br\/wp-content\/uploads\/2019\/08\/img18-1-768x516.jpg 768w, https:\/\/ativa1.com.br\/wp-content\/uploads\/2019\/08\/img18-1-1024x687.jpg 1024w\" sizes=\"(max-width: 2896px) 100vw, 2896px\" \/><\/a>\n\t\t\t<\/div><\/figure>\n\t\t<\/div>\n\t\t<\/div>\n\t\t\t\t\t\t<\/div>\n\t\t\t\t<\/div>\n\t\t\t\t\t<\/div>\n\t\t<\/div>\n\t\t\t\t\t<\/div>\n\t\t<\/section>\n\t\t\t\t<\/div>\n\t\t","protected":false},"excerpt":{"rendered":"<p>A Ativa1 conta com estrutura pr\u00f3pria em S\u00e3o Paulo, o que inclui pessoal, log\u00edstica e estoque. Esse diferencial possibilita proatividade na instala\u00e7\u00e3o e na manuten\u00e7\u00e3o da opera\u00e7\u00e3o das redes, otimizando o atendimento para opera\u00e7\u00e3o e gerenciamento. Interessante destacar o estoque pr\u00f3prio de Roteadores, Switches, Telefones IP, Gbics e Access Points, para pronta instala\u00e7\u00e3o. Cabe lembrar [&hellip;]<\/p>\n","protected":false},"author":1,"featured_media":0,"parent":0,"menu_order":0,"comment_status":"closed","ping_status":"closed","template":"elementor_header_footer","meta":{"footnotes":""},"class_list":["post-208","page","type-page","status-publish","hentry"],"_links":{"self":[{"href":"https:\/\/ativa1.com.br\/index.php?rest_route=\/wp\/v2\/pages\/208","targetHints":{"allow":["GET"]}}],"collection":[{"href":"https:\/\/ativa1.com.br\/index.php?rest_route=\/wp\/v2\/pages"}],"about":[{"href":"https:\/\/ativa1.com.br\/index.php?rest_route=\/wp\/v2\/types\/page"}],"author":[{"embeddable":true,"href":"https:\/\/ativa1.com.br\/index.php?rest_route=\/wp\/v2\/users\/1"}],"replies":[{"embeddable":true,"href":"https:\/\/ativa1.com.br\/index.php?rest_route=%2Fwp%2Fv2%2Fcomments&post=208"}],"version-history":[{"count":24,"href":"https:\/\/ativa1.com.br\/index.php?rest_route=\/wp\/v2\/pages\/208\/revisions"}],"predecessor-version":[{"id":349,"href":"https:\/\/ativa1.com.br\/index.php?rest_route=\/wp\/v2\/pages\/208\/revisions\/349"}],"wp:attachment":[{"href":"https:\/\/ativa1.com.br\/index.php?rest_route=%2Fwp%2Fv2%2Fmedia&parent=208"}],"curies":[{"name":"wp","href":"https:\/\/api.w.org\/{rel}","templated":true}]}}